{"id":3,"date":"2026-03-28T16:16:18","date_gmt":"2026-03-28T15:16:18","guid":{"rendered":"http:\/\/shecode.me\/codemeshell\/?page_id=3"},"modified":"2026-04-07T12:36:03","modified_gmt":"2026-04-07T10:36:03","slug":"polityka-prywatnosci","status":"publish","type":"page","link":"https:\/\/shecode.me\/codemeshell\/polityka-prywatnosci\/","title":{"rendered":"Polityka prywatno\u015bci"},"content":{"rendered":"<p>1. Czym jest Polityka prywatno\u015bci?<\/p>\n<p>Chcieliby\u015bmy zapozna\u0107 Ci\u0119 ze szczeg\u00f3\u0142ami przetwarzania przez nas Twoich danych osobowych, aby da\u0107 Ci\u00a0<strong>pe\u0142n\u0105 wiedz\u0119 i komfort<\/strong>\u00a0w korzystaniu z naszej strony internetowej.<\/p>\n<p>Poniewa\u017c sami dzia\u0142amy w bran\u017cy internetowej,\u00a0<strong>wiemy jak wa\u017cna jest ochrona Twoich danych osobowych<\/strong>. Dlatego dok\u0142adamy\u00a0<strong>szczeg\u00f3lnych stara\u0144<\/strong>, aby chroni\u0107 Twoj\u0105 prywatno\u015b\u0107 i informacje, kt\u00f3re nam przekazujesz.<\/p>\n<p>W CODE:ME\u00a0<strong>minimalizujemy zakres danych osobowych<\/strong>, kt\u00f3ry musimy przetwarza\u0107<strong>\u00a0\u2013 nie chcemy wiedzie\u0107 o Tobie wi\u0119cej ni\u017c to absolutnie konieczne.<\/strong><\/p>\n<p>Starannie dobieramy i stosujemy odpowiednie \u015brodki techniczne, w szczeg\u00f3lno\u015bci te o charakterze\u00a0<strong>programistycznym i organizacyjnym<\/strong>, zapewniaj\u0105ce ochron\u0119 przetwarzanych danych osobowych. Nasza strona u\u017cywa\u00a0<strong>szyfrowanej transmisji danych (SSL)<\/strong>, co zapewnia ochron\u0119 identyfikuj\u0105cych Ci\u0119 danych.<\/p>\n<p>W naszej Polityce prywatno\u015bci znajdziesz\u00a0<strong>wszystkie najwa\u017cniejsze informacje odno\u015bnie przetwarzania przez nas Twoich danych osobowych.<\/strong><\/p>\n<p>Prosimy Ci\u0119 o jej przeczytanie i obiecujemy, \u017ce\u00a0<strong>nie zajmie Ci to wi\u0119cej ni\u017c kilka minut.<\/strong><\/p>\n<p>1.1 Kto jest administratorem strony www.codeme.pl?<\/p>\n<p>Administratorem strony internetowej www.codeme.pl jest Fundacja CODE:ME z siedzib\u0105 w Gda\u0144sku (czyli: my)<\/p>\n<p>2. Dane osobowe<\/p>\n<p>2.1 Jaki akt prawny reguluje przetwarzanie Twoich danych osobowych?<\/p>\n<p>Twoje dane osobowe s\u0105 przez nas zbierane i przetwarzane zgodnie z przepisami\u00a0<strong>Rozporz\u0105dzenia Parlamentu Europejskiego i Rady (UE) 2016\/679 z 27.04.2016 r. w sprawie ochrony os\u00f3b fizycznych w zwi\u0105zku z przetwarzaniem danych osobowych i\u00a0 w\u00a0 sprawie swobodnego\u00a0 przep\u0142ywu\u00a0 takich\u00a0 danych\u00a0 oraz\u00a0 uchylenia\u00a0 dyrektywy\u00a0 95\/46\/WE\u00a0 (og\u00f3lne rozporz\u0105dzenie o ochronie danych) (Dz.Urz. UE L 119, s. 1), zwanego powszechnie:\u00a0<em>RODO<\/em><\/strong>. W zakresie nieuregulowanym przez RODO przetwarzanie danych osobowych jest regulowane przez\u00a0<strong>Ustaw\u0119 o ochronie danych osobowych z dnia 10 maja 2018 r.<\/strong><\/p>\n<p>2.2 Kto jest administratorem Twoich danych osobowych?<\/p>\n<p>Administratorem Twoich danych osobowych jest:<\/p>\n<p><strong>Fundacja CODE:ME z siedzib\u0105 w Gda\u0144sku<\/strong><br \/>Wojska Polskiego 41, 80-268 Gda\u0144sk<br \/>telefon: +48 537 492 774<br \/>e-mail: <a href=\"mailto:kontakt@codeme.pl\">kontakt@codeme.pl<\/a><\/p>\n<p>W sprawie swoich danych osobowych mo\u017cesz <strong>skontaktowa\u0107 si\u0119 z nami<\/strong> za pomoc\u0105:<\/p>\n<ul>\n<li>poczty elektronicznej:\u00a0<a href=\"mailto:iod@codeme.pl\">iod@codeme.pl<\/a><\/li>\n<li>poczty tradycyjnej: al. Wojska Polskiego 41, 80-268 Gda\u0144sk<\/li>\n<li>telefonu: +48 537 492 774<\/li>\n<\/ul>\n<p>2.3 W jakie dane osobowe przetwarzamy i w jakich celach je przetwarzamy?<\/p>\n<p>Na naszej stronie internetowej oferujemy Ci wiele r\u00f3\u017cnych us\u0142ug, dla kt\u00f3rych cel\u00f3w przetwarzamy r\u00f3\u017cne dane osobowe, w oparciu o r\u00f3\u017cne podstawy prawne.<\/p>\n<p>2.3.1 Newsletter<\/p>\n<p>Dane osobowe: adres e-mail<\/p>\n<p>Podstawa prawna: art. 6 ust. 1 lit. a) RODO, tj. przetwarzanie na podstawie wyra\u017conej przez Ciebie zgody na przetwarzanie Twoich danych osobowych<\/p>\n<p>Cel przetwarzania: \u015bwiadczenie Ci przez nas us\u0142ugi \u201eNewsletter\u201d<\/p>\n<p>Czas przechowywania danych: do dnia wycofania przez Ciebie zgody na przetwarzanie danych<\/p>\n<p>2.3.2 Opinie absolwent\u00f3w<\/p>\n<p>Dane osobowe: imi\u0119, nazwisko<\/p>\n<p>Podstawa prawna: art. 6 ust. 1 lit. a) RODO, tj. przetwarzane na podstawie wyra\u017conej przez Ciebie zgody na przetwarzanie Twoich danych osobowych<\/p>\n<p>Cel przetwarzania: publikacja Twojej opinii o kursie na naszej stronie internetowej www.codeme.pl<\/p>\n<p>Czas przetwarzania danych: do dnia wycofania przez Ciebie zgody na przetwarzanie danych<\/p>\n<p>2.3.3 Zawarcie i wykonanie umowy o \u015bwiadczenie us\u0142ug<\/p>\n<p>Dane osobowe: imi\u0119, nazwisko, adres e-mail, nr telefonu<\/p>\n<p><em>w przypadku p\u0142atno\u015bci online\/ przelewem dodatkowo:\u00a0<\/em>nr rachunku bankowego, nr karty p\u0142atniczej<\/p>\n<p><em>w przypadku konieczno\u015bci wystawienia faktury VAT dodatkowo:\u00a0<\/em>firma, adres korespondencyjny, nr PESEL, NIP, REGON<\/p>\n<p><em>w przypadku kurs\u00f3w akredytowanych:\u00a0<\/em>adres zamieszkania, PESEL, data i miejsce urodzenia<\/p>\n<p><em>w przypadku p\u0142atno\u015bci ratalnej na podstawie umowy dodatkowo:<\/em>\u00a0adres zamieszkania, PESEL, seria i numer dowodu osobistego<\/p>\n<p>Podstawa prawna: art. 6 ust. 1 lit. b) RODO, tj. przetwarzanie w celu podj\u0119cia dzia\u0142a\u0144 na Twoje \u017c\u0105danie, przed zawarciem umowy oraz przetwarzanie niezb\u0119dne w celu wykonania umowy, kt\u00f3rej jeste\u015b stron\u0105<\/p>\n<p>Cel przetwarzania: zawarcie i wykonanie umowy o \u015bwiadczenie us\u0142ug, kt\u00f3rej b\u0119dziesz\/jeste\u015b stron\u0105<\/p>\n<p>Czas przechowywania danych: do up\u0142ywu okresu przedawnienia roszcze\u0144 dotycz\u0105cych wykonania umowy<\/p>\n<p>2.3.4 Publikacja zdj\u0119\u0107 z wydarze\u0144<\/p>\n<p>Dane osobowe: wizerunek, imi\u0119, nazwisko<\/p>\n<p>Podstawa prawna: art. 6 ust. 1 lit. a) RODO, tj. na podstawie wyra\u017conej przez Ciebie zgody na przetwarzanie Twoich danych osobowych<\/p>\n<p>Cel przetwarzania: publikacja Twojego wizerunku na naszych stronach w social mediach: Facebook i Twitter, na zdj\u0119ciach z organizowanych przez nas wydarze\u0144<\/p>\n<p>Czas przechowywania danych: do dnia wycofania przez Ciebie zgody na przetwarzanie danych<\/p>\n<p>2.3.5 Rozpatrywanie skarg i wniosk\u00f3w, odpowiedzi na pytania<\/p>\n<p>Dane osobowe: imi\u0119, nazwisko, adres e-mail, nr telefonu, adres zamieszkania<\/p>\n<p>Podstawa prawna: rozpatrywanie skarg i wniosk\u00f3w, odpowiedzi na pytania<\/p>\n<p>Cel przetwarzania: art. 6 ust. 1 lit. f) RODO, tj. przetwarzanie w celu realizacji naszego prawnie uzasadnionego interesu, polegaj\u0105cego na podnoszeniu poziomu \u015bwiadczonych us\u0142ug, budowaniu pozytywnych relacji z klientami<\/p>\n<p>Czas przechowywania danych: do up\u0142ywu 1 roku od dnia zg\u0142oszenia skargi lub wniosku albo otrzymania przez nas zapytania od Ciebie<\/p>\n<p>2.3.6 Ustalenie, dochodzenie i egzekucja roszcze\u0144 i obrona przed roszczeniami w post\u0119powaniu przed s\u0105dami i innymi organami pa\u0144stwowymi<\/p>\n<p>Dane osobowe: imi\u0119, nazwisko, adres e-mail, nr telefonu<\/p>\n<p>w przypadku p\u0142atno\u015bci online\/ przelewem dodatkowo: nr rachunku bankowego, nr karty p\u0142atniczej<\/p>\n<p>w przypadku konieczno\u015bci wystawienia faktury VAT dodatkowo: firma, adres korespondencyjny, nr PESEL, NIP, REGON<\/p>\n<p>w przypadku kurs\u00f3w akredytowanych: adres zamieszkania, PESEL, data i miejsce urodzenia<\/p>\n<p>Podstawa prawna: art. 6 ust. 1 lit. f) RODO tj. przetwarzanie w celu realizacji naszego prawnie uzasadnionego interesu, polegaj\u0105cego na ustaleniu, dochodzeniu i egzekucji roszcze\u0144 oraz na obronie przed roszczeniami w post\u0119powaniu przed s\u0105dami i innymi organami pa\u0144stwowymi<\/p>\n<p>Cel przetwarzania: ustalenie, dochodzenie i egzekucja roszcze\u0144 i obrona przed roszczeniami w post\u0119powaniu przed s\u0105dami i innymi organami pa\u0144stwowymi<\/p>\n<p>Czas przechowywania danych: do up\u0142ywu okresu przedawnienia roszcze\u0144 dotycz\u0105cych wykonania umowy<\/p>\n<p>2.3.7 Wype\u0142nienie obowi\u0105zk\u00f3w prawnych wynikaj\u0105cych z przepis\u00f3w podatkowych i rachunkowych<\/p>\n<p>Dane osobowe: imi\u0119, nazwisko<\/p>\n<p>w przypadku p\u0142atno\u015bci online\/ przelewem dodatkowo: nr rachunku bankowego, nr karty p\u0142atniczej<\/p>\n<p>w przypadku konieczno\u015bci wystawienia faktury VAT dodatkowo: firma, adres korespondencyjny, nr PESEL, NIP, REGON<\/p>\n<p>Podstawa prawna: Art. 6(1)(c) RODO, tj. przetwarzanie jest niezb\u0119dne do wype\u0142nienia ci\u0105\u017c\u0105cych na nas obowi\u0105zk\u00f3w prawnych, wynikaj\u0105cych z przepis\u00f3w podatkowych i rachunkowych<\/p>\n<p>Cel przetwarzania: wype\u0142nienie ci\u0105\u017c\u0105cych na nas obowi\u0105zk\u00f3w prawnych, wynikaj\u0105cych z przepis\u00f3w podatkowych i rachunkowych<\/p>\n<p>Czas przechowywania danych: do dnia up\u0142ywu terminu przedawnienia<\/p>\n<p>2.4 Dobrowolno\u015b\u0107 podania danych osobowych<\/p>\n<p>Podanie przez Ciebie wymaganych danych osobowych jest dobrowolne i stanowi warunek \u015bwiadczenia przez nas us\u0142ug na Twoj\u0105 rzecz (np. wysy\u0142ania newslettera, informacji o rozpocz\u0119ciu zapis\u00f3w na wybrany przez Ciebie kurs czy zapisu na kurs).<\/p>\n<p>2.5 Odbiorcy danych osobowych<\/p>\n<p>Aktualn\u0105 list\u0119 podmiot\u00f3w, kt\u00f3rym ujawniamy Twoje dane osobowe mo\u017cesz znale\u017a\u0107 tutaj: www.codeme.pl\/odbiorcy-danych-osobowych<\/p>\n<p>2.6 Jakie przys\u0142uguj\u0105 Ci prawa w zwi\u0105zku z przetwarzaniem przez nas Twoich danych osobowych?<\/p>\n<p>Na podstawie RODO masz <strong>prawo do:<\/strong><\/p>\n<ul>\n<li>\u017c\u0105dania\u00a0<strong>dost\u0119pu<\/strong>do swoich danych osobowych<\/li>\n<li>\u017c\u0105dania\u00a0<strong>sprostowania<\/strong>swoich danych osobowych<\/li>\n<li>\u017c\u0105dania\u00a0<strong>usuni\u0119cia<\/strong>swoich danych osobowych<\/li>\n<li>\u017c\u0105dania\u00a0<strong>ograniczenia przetwarzania<\/strong>danych osobowych<\/li>\n<li>wniesienia\u00a0<strong>sprzeciwu\u00a0<\/strong>wobec przetwarzania danych osobowych<\/li>\n<li>\u017c\u0105dania\u00a0<strong>przenoszenia\u00a0<\/strong>danych osobowych<\/li>\n<\/ul>\n<p>W razie zg\u0142oszenia nam kt\u00f3regokolwiek z wymienionych powy\u017cszej \u017c\u0105da\u0144 bez zb\u0119dnej zw\u0142oki \u2013 a w ka\u017cdym razie <strong>w terminie miesi\u0105ca od otrzymania \u017c\u0105dania<\/strong> \u2013 udzielimy Ci informacji o dzia\u0142aniach podj\u0119tych w zwi\u0105zku ze zg\u0142oszonym przez Ciebie \u017c\u0105daniem.<\/p>\n<p>W razie potrzeby mo\u017cemy wyd\u0142u\u017cy\u0107 termin miesi\u0119czny <strong>o kolejne dwa miesi\u0105ce<\/strong> z uwagi na skomplikowany charakter \u017c\u0105dania lub liczb\u0119 \u017c\u0105da\u0144.<\/p>\n<p>W ka\u017cdym wypadku poinformujemy Ci\u0119 <strong>w terminie miesi\u0105ca od otrzymania \u017c\u0105dania<\/strong> o przed\u0142u\u017ceniu terminu i podamy Ci przyczyny op\u00f3\u017anienia.<\/p>\n<p>2.6.1 Prawo dost\u0119pu do danych osobowych (art. 15 RODO)<\/p>\n<p>Masz prawo uzyskania od informacji czy <strong>przetwarzamy Twoje dane osobowe.<\/strong><\/p>\n<p>Je\u017celi przetwarzamy Twoje dane osobowe masz <strong>prawo do:<\/strong><\/p>\n<ul>\n<li>dost\u0119pu do danych osobowych<strong>,<\/strong><\/li>\n<li>uzyskania informacji o celach przetwarzania, kategoriach przetwarzanych danych osobowych, o odbiorcach lub kategoriach odbiorc\u00f3w tych danych, planowanym okresie przechowywania Twoich danych lub o kryteriach ustalania tego okresu, o prawach przys\u0142uguj\u0105cych Ci na mocy RODO oraz o prawie wniesienia skargi do Prezesa Urz\u0119du Ochrony Danych Osobowych, o \u017ar\u00f3dle tych danych, o zautomatyzowanym podejmowaniu decyzji, w tym o profilowaniu oraz o zabezpieczeniach stosowanych w zwi\u0105zku z przekazaniem tych danych poza Uni\u0119 Europejsk\u0105;<\/li>\n<li>uzyskania kopii swoich danych osobowych.<\/li>\n<\/ul>\n<p>Je\u015bli chcesz\u00a0<strong>za\u017c\u0105da\u0107 dost\u0119pu do swoich danych osobowych\u00a0<\/strong>zg\u0142o\u015b swoje \u017c\u0105danie na adres:\u00a0<a href=\"mailto:iod@codeme.pl\">iod@codeme.pl<\/a>.<\/p>\n<p>2.6.2 Prawo do sprostowania danych osobowych (art. 16 RODO)<\/p>\n<p>Je\u017celi Twoje dane osobowe s\u0105 nieprawid\u0142owe masz prawo \u017c\u0105dania od nas niezw\u0142ocznego sprostowania Twoich danych osobowych. Masz te\u017c prawo do \u017c\u0105dania uzupe\u0142nienia przez nas Twoich danych osobowych.<\/p>\n<p>Je\u015bli chcesz <strong>za\u017c\u0105da\u0107 sprostowania lub uzupe\u0142nienia swoich danych osobowych<\/strong> zg\u0142o\u015b swoje \u017c\u0105danie na adres: <a href=\"mailto:iod@codeme.pl\">iod@codeme.pl<\/a><\/p>\n<p>2.6.3 Prawo do usuni\u0119cia danych osobowych, tzw. \u201cprawo do bycia zapomnianym\u201d (art. 17 RODO)<\/p>\n<p>Masz prawo \u017c\u0105dania usuni\u0119cia swoich danych osobowych, gdy:<\/p>\n<ul>\n<li>Twoje dane osobowe przesta\u0142y by\u0107 niezb\u0119dne do cel\u00f3w, w kt\u00f3rych zosta\u0142y zebrane lub w inny spos\u00f3b przetwarzane;<\/li>\n<li>wycofa\u0142e\u015b okre\u015blon\u0105 zgod\u0119, w zakresie w jakim dane osobowe by\u0142y przetwarzane w oparciu o Twoj\u0105 zgod\u0119;<\/li>\n<li>Twoje dane osobowe by\u0142y przetwarzane niezgodnie z prawem;<\/li>\n<li>wnios\u0142e\u015b\/wnios\u0142a\u015b sprzeciw wobec przetwarzania Twoich danych osobowych na potrzeby marketingu bezpo\u015bredniego, w tym profilowania, w zakresie w jakim przetwarzanie danych osobowych jest zwi\u0105zane z marketingiem bezpo\u015brednim;<\/li>\n<li>wnios\u0142e\u015b\/wnios\u0142a\u015b sprzeciw wobec przetwarzania Twoich danych osobowych w zwi\u0105zku z przetwarzaniem niezb\u0119dnym dla wykonania zadania realizowanego w interesie publicznym lub przetwarzania niezb\u0119dnego dla cel\u00f3w wynikaj\u0105cych z prawnie uzasadnionych interes\u00f3w realizowanych przez nas lub stron\u0119 trzeci\u0105.<\/li>\n<\/ul>\n<p>Pomimo zg\u0142oszenia \u017c\u0105dania usuni\u0119cia danych osobowych mo\u017cemy przetwarza\u0107 Twoje dane dalej w celu ustalenia, dochodzenia lub obrony roszcze\u0144 o czym zostaniesz poinformowany\/poinformowana.<\/p>\n<p>Je\u015bli chcesz <strong>za\u017c\u0105da\u0107 usuni\u0119cia swoich danych osobowych<\/strong> zg\u0142o\u015b swoje \u017c\u0105danie na adres: <a href=\"mailto:iod@codeme.pl\">iod@codeme.pl<\/a><\/p>\n<p>2.6.4 Prawo do zg\u0142oszenia \u017c\u0105dania ograniczenia przetwarzania danych osobowych (art. 18 RODO)<\/p>\n<p>Masz prawo do \u017c\u0105dania ograniczenia przetwarzania Twoich danych osobowych, gdy:<\/p>\n<ul>\n<li>kwestionujesz prawid\u0142owo\u015b\u0107 swoich danych osobowych \u2013 w takim wypadku ograniczymy przetwarzanie Twoich danych osobowych na czas pozwalaj\u0105cy sprawdzi\u0107 prawid\u0142owo\u015b\u0107 tych danych;<\/li>\n<li>gdy przetwarzanie Twoich danych jest niezgodne z prawem, a zamiast usuni\u0119cia danych osobowych za\u017c\u0105dasz ograniczenia przetwarzania Twoich danych osobowych;<\/li>\n<li>Twoje dane osobowe przesta\u0142y by\u0107 potrzebne do cel\u00f3w przetwarzania, ale s\u0105 one potrzebne w celu ustalenia, dochodzenia lub obrony Twoich roszcze\u0144;<\/li>\n<li>gdy zg\u0142osi\u0142e\u015b\/zg\u0142osi\u0142a\u015b sprzeciw wobec przetwarzania Twoich danych osobowych \u2013 do czasu stwierdzenia czy nasze prawnie uzasadnione interesy s\u0105 nadrz\u0119dne wobec podstaw wskazanych w Twoim sprzeciwie.<\/li>\n<\/ul>\n<p>Je\u015bli chcesz\u00a0<strong>za\u017c\u0105da\u0107 ograniczenia przetwarzania swoich danych osobowych\u00a0<\/strong>zg\u0142o\u015b swoje \u017c\u0105danie na adres:\u00a0<a href=\"mailto:iod@codeme.pl\">iod@codeme.pl<\/a><\/p>\n<p>2.6.5 Prawo do sprzeciwu wobec przetwarzania danych osobowych (art. 21 RODO)<\/p>\n<p>Masz prawo w dowolnym momencie wnie\u015b\u0107 sprzeciw wobec przetwarzania Twoich danych osobowych, w tym profilowania, w zwi\u0105zku z:<\/p>\n<ul>\n<li>przetwarzaniem niezb\u0119dnym dla wykonania zadania realizowanego w interesie publicznym lub przetwarzania niezb\u0119dnego dla cel\u00f3w wynikaj\u0105cych z prawnie uzasadnionych interes\u00f3w realizowanych przez Administratora danych osobowych lub stron\u0119 trzeci\u0105;<\/li>\n<li>przetwarzaniem na potrzeby marketingu bezpo\u015bredniego.<\/li>\n<\/ul>\n<p>Je\u015bli chcesz\u00a0<strong>zag\u0142osi\u0107 sprzeciw wobec przetwarzania Twoich danych osobowych\u00a0<\/strong>zg\u0142o\u015b swoje \u017c\u0105danie na adres:\u00a0<a href=\"mailto:iod@codeme.pl\">iod@codeme.pl<\/a><\/p>\n<p>2.6.6 Prawo do \u017c\u0105dania przenoszenia danych osobowych (art. 20 RODO)<\/p>\n<p>Masz prawo do\u00a0<strong>otrzyma\u0107<\/strong>\u00a0od nas swoje dane osobowe w ustrukturyzowanym, powszechnie u\u017cywanym formacie nadaj\u0105cym si\u0119 do odczytu maszynowego oraz przes\u0142a\u0107 je innemu administratorowi danych osobowych.<\/p>\n<p>Standardowo udost\u0119pnimy Ci Twoje dane osobowe w\u00a0<strong>formacie CSV<\/strong>, je\u015bli wolisz aby dane zosta\u0142y Ci udost\u0119pnione\u00a0<strong>w innym formacie<\/strong>\u00a0wska\u017c preferowany format w swoim \u017c\u0105daniu. W miar\u0119 mo\u017cliwo\u015bci postaramy si\u0119 udost\u0119pni\u0107 Ci dane w preferowanym przez Ciebie formacie.<\/p>\n<p>Mo\u017cesz r\u00f3wnie\u017c za\u017c\u0105da\u0107, aby\u015bmy przes\u0142ali Twoje dane osobowe\u00a0<strong>bezpo\u015brednio<\/strong>\u00a0innemu administratorowi (o ile jest to technicznie mo\u017cliwe).<\/p>\n<p>Je\u015bli chcesz\u00a0<strong>za\u017c\u0105da\u0107 przeniesienia swoich danych osobowych\u00a0<\/strong>zg\u0142o\u015b swoje \u017c\u0105danie na adres:\u00a0<a href=\"mailto:iod@codeme.pl\">iod@codeme.pl<\/a><\/p>\n<p>2.7 Czy mo\u017cesz cofn\u0105\u0107 wyra\u017con\u0105 zgod\u0119 na przetwarzanie danych osobowych?<\/p>\n<p>Mo\u017cesz\u00a0<strong>cofn\u0105\u0107<\/strong>\u00a0udzielon\u0105 zgod\u0119 na przetwarzanie swoich danych osobowych w\u00a0<strong>dowolnym momencie.\u00a0\u00a0<\/strong><\/p>\n<p>Cofni\u0119cie zgody na przetwarzanie danych osobowych\u00a0<strong>nie ma wp\u0142ywu\u00a0<\/strong>na zgodno\u015b\u0107 z prawem przetwarzania dokonanego przez nas na podstawie Twojej zgody\u00a0<strong>przed\u00a0<\/strong>jej cofni\u0119ciem.<\/p>\n<p>Je\u015bli chcesz\u00a0<strong>cofn\u0105\u0107 zgod\u0119<\/strong>\u00a0na przetwarzanie swoich danych osobowych zg\u0142o\u015b swoje \u017c\u0105danie na adres:\u00a0iod@codeme.pl<\/p>\n<p>W przypadku gdy chcesz cofn\u0105\u0107 zgod\u0119 na przetwarzanie danych osobowych w celu \u015bwiadczenia us\u0142ugi \u201eNewsletter\u201d mo\u017cesz z niego zrezygnowa\u0107 tutaj, kliknij w link w stopce dowolnej wiadomo\u015bci, jak\u0105 do Ciebie wys\u0142ali\u015bmy, lub napisz do nas na adres\u00a0<a href=\"mailto:iod@codeme.pl\">iod@codeme.pl<\/a>.<\/p>\n<p>2.8 Skarga do organu nadzorczego<\/p>\n<p>Je\u017celi s\u0105dzisz, \u017ce przetwarzanie Twoich danych osobowych narusza przepisy ochrony danych osobowych, masz prawo z\u0142o\u017cenia skargi do organu nadzorczego, w szczeg\u00f3lno\u015bci w pa\u0144stwie cz\u0142onkowskim swojego zwyk\u0142ego pobytu, swojego miejsca pracy lub miejsca pope\u0142nienia domniemanego naruszenia.<\/p>\n<p>W Polsce organem nadzorczym w rozumieniu RODO jest Prezes Urz\u0119du Ochrony Danych Osobowych, kt\u00f3ry z dniem 25 maja 2018 zast\u0105pi\u0142 GIODO.<\/p>\n","protected":false},"excerpt":{"rendered":"<p>1. Czym jest Polityka prywatno\u015bci? Chcieliby\u015bmy zapozna\u0107 Ci\u0119 ze szczeg\u00f3\u0142ami przetwarzania przez nas Twoich danych osobowych, aby da\u0107 Ci\u00a0pe\u0142n\u0105 wiedz\u0119 i komfort\u00a0w korzystaniu z naszej strony internetowej. Poniewa\u017c sami dzia\u0142amy w bran\u017cy internetowej,\u00a0wiemy jak wa\u017cna jest ochrona Twoich danych osobowych. Dlatego dok\u0142adamy\u00a0szczeg\u00f3lnych stara\u0144, aby chroni\u0107 Twoj\u0105 prywatno\u015b\u0107 i informacje, kt\u00f3re nam przekazujesz. W CODE:ME\u00a0minimalizujemy zakres [&hellip;]<\/p>\n","protected":false},"author":1,"featured_media":0,"parent":0,"menu_order":0,"comment_status":"closed","ping_status":"open","template":"","meta":{"_acf_changed":false,"footnotes":""},"class_list":["post-3","page","type-page","status-publish","hentry"],"acf":[],"_links":{"self":[{"href":"https:\/\/shecode.me\/codemeshell\/wp-json\/wp\/v2\/pages\/3","targetHints":{"allow":["GET"]}}],"collection":[{"href":"https:\/\/shecode.me\/codemeshell\/wp-json\/wp\/v2\/pages"}],"about":[{"href":"https:\/\/shecode.me\/codemeshell\/wp-json\/wp\/v2\/types\/page"}],"author":[{"embeddable":true,"href":"https:\/\/shecode.me\/codemeshell\/wp-json\/wp\/v2\/users\/1"}],"replies":[{"embeddable":true,"href":"https:\/\/shecode.me\/codemeshell\/wp-json\/wp\/v2\/comments?post=3"}],"version-history":[{"count":1,"href":"https:\/\/shecode.me\/codemeshell\/wp-json\/wp\/v2\/pages\/3\/revisions"}],"predecessor-version":[{"id":201,"href":"https:\/\/shecode.me\/codemeshell\/wp-json\/wp\/v2\/pages\/3\/revisions\/201"}],"wp:attachment":[{"href":"https:\/\/shecode.me\/codemeshell\/wp-json\/wp\/v2\/media?parent=3"}],"curies":[{"name":"wp","href":"https:\/\/api.w.org\/{rel}","templated":true}]}}